{"id":2926,"date":"2024-10-11T12:25:00","date_gmt":"2024-10-11T10:25:00","guid":{"rendered":"https:\/\/www.camping-princes-orange.fr\/ein-campingplatz-mit-schwimmbad-in-den-hautes-alpes\/"},"modified":"2026-02-04T12:05:34","modified_gmt":"2026-02-04T11:05:34","slug":"ein-campingplatz-mit-schwimmbad-in-den-hautes-alpes","status":"publish","type":"page","link":"https:\/\/www.camping-princes-orange.fr\/de\/ein-campingplatz-mit-schwimmbad-in-den-hautes-alpes\/","title":{"rendered":"Ein Campingplatz mit Schwimmbad in den Hautes-Alpes"},"content":{"rendered":"\n<p>M\u00f6chten Sie Ihren <strong>Aufenthalt auf einem Campingplatz mit Schwimmbad in den Hautes-Alpes<\/strong> buchen? Wir haben die L\u00f6sung! <\/p>\n\n\n\n<p>Les Princes d&#8217;Orange, <strong>3-Sterne-Campingplatz mit Schwimmbad in den Hautes-Alpes<\/strong>, genie\u00dfen Sie die Reize zwischen Entspannung und Ausflug<\/p>\n\n\n\n<p>Wenn Sie einen Campingplatz suchen, der Komfort, Gem\u00fctlichkeit und Wassersportaktivit\u00e4ten miteinander verbindet, dann ist der Campingplatz Les Princes d&#8217;Orange in Orpierre der ideale Ort f\u00fcr Sie. Dieser <strong>3-Sterne-Campingplatz mit Schwimmbad<\/strong> liegt im Herzen der Hautes-Alpes und bietet Ihnen ein unvergessliches Erlebnis mit einem Schwimmbad, einem Wasserpark, qualitativ hochwertigen Unterk\u00fcnften und Aktivit\u00e4ten f\u00fcr die ganze Familie. Warten Sie nicht l\u00e4nger und buchen Sie jetzt Ihren <strong>3-Sterne-Campingplatz mit Pool in den Hautes-Alpes<\/strong>.<\/p>\n","protected":false},"excerpt":{"rendered":"<p>M\u00f6chten Sie Ihren Aufenthalt auf einem Campingplatz mit Schwimmbad in den Hautes-Alpes buchen? Wir haben die L\u00f6sung! Les Princes d&#8217;Orange, 3-Sterne-Campingplatz mit Schwimmbad in den Hautes-Alpes, genie\u00dfen Sie die Reize zwischen Entspannung und Ausflug Wenn Sie einen Campingplatz suchen, der Komfort, Gem\u00fctlichkeit und Wassersportaktivit\u00e4ten miteinander verbindet, dann ist der Campingplatz Les Princes d&#8217;Orange in Orpierre [&hellip;]<\/p>\n","protected":false},"author":1,"featured_media":0,"parent":0,"menu_order":0,"comment_status":"closed","ping_status":"closed","template":"","meta":{"_acf_changed":false,"footnotes":""},"class_list":["post-2926","page","type-page","status-publish","hentry"],"acf":[],"yoast_head":"<!-- This site is optimized with the Yoast SEO plugin v27.3 - https:\/\/yoast.com\/product\/yoast-seo-wordpress\/ -->\n<title>Ein Campingplatz mit Schwimmbad in den Hautes-Alpes - Camping Princes d&#039;Orange<\/title>\n<meta name=\"robots\" content=\"index, follow, max-snippet:-1, max-image-preview:large, max-video-preview:-1\" \/>\n<link rel=\"canonical\" href=\"https:\/\/www.camping-princes-orange.fr\/de\/ein-campingplatz-mit-schwimmbad-in-den-hautes-alpes\/\" \/>\n<meta property=\"og:locale\" content=\"de_DE\" \/>\n<meta property=\"og:type\" content=\"article\" \/>\n<meta property=\"og:title\" content=\"Ein Campingplatz mit Schwimmbad in den Hautes-Alpes - Camping Princes d&#039;Orange\" \/>\n<meta property=\"og:description\" content=\"M\u00f6chten Sie Ihren Aufenthalt auf einem Campingplatz mit Schwimmbad in den Hautes-Alpes buchen? Wir haben die L\u00f6sung! Les Princes d&#8217;Orange, 3-Sterne-Campingplatz mit Schwimmbad in den Hautes-Alpes, genie\u00dfen Sie die Reize zwischen Entspannung und Ausflug Wenn Sie einen Campingplatz suchen, der Komfort, Gem\u00fctlichkeit und Wassersportaktivit\u00e4ten miteinander verbindet, dann ist der Campingplatz Les Princes d&#8217;Orange in Orpierre [&hellip;]\" \/>\n<meta property=\"og:url\" content=\"https:\/\/www.camping-princes-orange.fr\/de\/ein-campingplatz-mit-schwimmbad-in-den-hautes-alpes\/\" \/>\n<meta property=\"og:site_name\" content=\"Camping Princes d&#039;Orange\" \/>\n<meta property=\"article:modified_time\" content=\"2026-02-04T11:05:34+00:00\" \/>\n<meta name=\"twitter:card\" content=\"summary_large_image\" \/>\n<meta name=\"twitter:label1\" content=\"Gesch\u00e4tzte Lesezeit\" \/>\n\t<meta name=\"twitter:data1\" content=\"1\u00a0Minute\" \/>\n<script type=\"application\/ld+json\" class=\"yoast-schema-graph\">{\"@context\":\"https:\\\/\\\/schema.org\",\"@graph\":[{\"@type\":\"WebPage\",\"@id\":\"https:\\\/\\\/www.camping-princes-orange.fr\\\/de\\\/ein-campingplatz-mit-schwimmbad-in-den-hautes-alpes\\\/\",\"url\":\"https:\\\/\\\/www.camping-princes-orange.fr\\\/de\\\/ein-campingplatz-mit-schwimmbad-in-den-hautes-alpes\\\/\",\"name\":\"Ein Campingplatz mit Schwimmbad in den Hautes-Alpes - Camping Princes d&#039;Orange\",\"isPartOf\":{\"@id\":\"https:\\\/\\\/www.camping-princes-orange.fr\\\/de\\\/#website\"},\"datePublished\":\"2024-10-11T10:25:00+00:00\",\"dateModified\":\"2026-02-04T11:05:34+00:00\",\"breadcrumb\":{\"@id\":\"https:\\\/\\\/www.camping-princes-orange.fr\\\/de\\\/ein-campingplatz-mit-schwimmbad-in-den-hautes-alpes\\\/#breadcrumb\"},\"inLanguage\":\"de\",\"potentialAction\":[{\"@type\":\"ReadAction\",\"target\":[\"https:\\\/\\\/www.camping-princes-orange.fr\\\/de\\\/ein-campingplatz-mit-schwimmbad-in-den-hautes-alpes\\\/\"]}]},{\"@type\":\"BreadcrumbList\",\"@id\":\"https:\\\/\\\/www.camping-princes-orange.fr\\\/de\\\/ein-campingplatz-mit-schwimmbad-in-den-hautes-alpes\\\/#breadcrumb\",\"itemListElement\":[{\"@type\":\"ListItem\",\"position\":1,\"name\":\"Accueil\",\"item\":\"https:\\\/\\\/www.camping-princes-orange.fr\\\/de\\\/\"},{\"@type\":\"ListItem\",\"position\":2,\"name\":\"Ein Campingplatz mit Schwimmbad in den Hautes-Alpes\"}]},{\"@type\":\"WebSite\",\"@id\":\"https:\\\/\\\/www.camping-princes-orange.fr\\\/de\\\/#website\",\"url\":\"https:\\\/\\\/www.camping-princes-orange.fr\\\/de\\\/\",\"name\":\"Camping 1\",\"description\":\"\",\"potentialAction\":[{\"@type\":\"SearchAction\",\"target\":{\"@type\":\"EntryPoint\",\"urlTemplate\":\"https:\\\/\\\/www.camping-princes-orange.fr\\\/de\\\/?s={search_term_string}\"},\"query-input\":{\"@type\":\"PropertyValueSpecification\",\"valueRequired\":true,\"valueName\":\"search_term_string\"}}],\"inLanguage\":\"de\"}]}<\/script>\n<!-- \/ Yoast SEO plugin. -->","yoast_head_json":{"title":"Ein Campingplatz mit Schwimmbad in den Hautes-Alpes - Camping Princes d&#039;Orange","robots":{"index":"index","follow":"follow","max-snippet":"max-snippet:-1","max-image-preview":"max-image-preview:large","max-video-preview":"max-video-preview:-1"},"canonical":"https:\/\/www.camping-princes-orange.fr\/de\/ein-campingplatz-mit-schwimmbad-in-den-hautes-alpes\/","og_locale":"de_DE","og_type":"article","og_title":"Ein Campingplatz mit Schwimmbad in den Hautes-Alpes - Camping Princes d&#039;Orange","og_description":"M\u00f6chten Sie Ihren Aufenthalt auf einem Campingplatz mit Schwimmbad in den Hautes-Alpes buchen? Wir haben die L\u00f6sung! Les Princes d&#8217;Orange, 3-Sterne-Campingplatz mit Schwimmbad in den Hautes-Alpes, genie\u00dfen Sie die Reize zwischen Entspannung und Ausflug Wenn Sie einen Campingplatz suchen, der Komfort, Gem\u00fctlichkeit und Wassersportaktivit\u00e4ten miteinander verbindet, dann ist der Campingplatz Les Princes d&#8217;Orange in Orpierre [&hellip;]","og_url":"https:\/\/www.camping-princes-orange.fr\/de\/ein-campingplatz-mit-schwimmbad-in-den-hautes-alpes\/","og_site_name":"Camping Princes d&#039;Orange","article_modified_time":"2026-02-04T11:05:34+00:00","twitter_card":"summary_large_image","twitter_misc":{"Gesch\u00e4tzte Lesezeit":"1\u00a0Minute"},"schema":{"@context":"https:\/\/schema.org","@graph":[{"@type":"WebPage","@id":"https:\/\/www.camping-princes-orange.fr\/de\/ein-campingplatz-mit-schwimmbad-in-den-hautes-alpes\/","url":"https:\/\/www.camping-princes-orange.fr\/de\/ein-campingplatz-mit-schwimmbad-in-den-hautes-alpes\/","name":"Ein Campingplatz mit Schwimmbad in den Hautes-Alpes - Camping Princes d&#039;Orange","isPartOf":{"@id":"https:\/\/www.camping-princes-orange.fr\/de\/#website"},"datePublished":"2024-10-11T10:25:00+00:00","dateModified":"2026-02-04T11:05:34+00:00","breadcrumb":{"@id":"https:\/\/www.camping-princes-orange.fr\/de\/ein-campingplatz-mit-schwimmbad-in-den-hautes-alpes\/#breadcrumb"},"inLanguage":"de","potentialAction":[{"@type":"ReadAction","target":["https:\/\/www.camping-princes-orange.fr\/de\/ein-campingplatz-mit-schwimmbad-in-den-hautes-alpes\/"]}]},{"@type":"BreadcrumbList","@id":"https:\/\/www.camping-princes-orange.fr\/de\/ein-campingplatz-mit-schwimmbad-in-den-hautes-alpes\/#breadcrumb","itemListElement":[{"@type":"ListItem","position":1,"name":"Accueil","item":"https:\/\/www.camping-princes-orange.fr\/de\/"},{"@type":"ListItem","position":2,"name":"Ein Campingplatz mit Schwimmbad in den Hautes-Alpes"}]},{"@type":"WebSite","@id":"https:\/\/www.camping-princes-orange.fr\/de\/#website","url":"https:\/\/www.camping-princes-orange.fr\/de\/","name":"Camping 1","description":"","potentialAction":[{"@type":"SearchAction","target":{"@type":"EntryPoint","urlTemplate":"https:\/\/www.camping-princes-orange.fr\/de\/?s={search_term_string}"},"query-input":{"@type":"PropertyValueSpecification","valueRequired":true,"valueName":"search_term_string"}}],"inLanguage":"de"}]}},"_links":{"self":[{"href":"https:\/\/www.camping-princes-orange.fr\/de\/wp-json\/wp\/v2\/pages\/2926","targetHints":{"allow":["GET"]}}],"collection":[{"href":"https:\/\/www.camping-princes-orange.fr\/de\/wp-json\/wp\/v2\/pages"}],"about":[{"href":"https:\/\/www.camping-princes-orange.fr\/de\/wp-json\/wp\/v2\/types\/page"}],"author":[{"embeddable":true,"href":"https:\/\/www.camping-princes-orange.fr\/de\/wp-json\/wp\/v2\/users\/1"}],"replies":[{"embeddable":true,"href":"https:\/\/www.camping-princes-orange.fr\/de\/wp-json\/wp\/v2\/comments?post=2926"}],"version-history":[{"count":5,"href":"https:\/\/www.camping-princes-orange.fr\/de\/wp-json\/wp\/v2\/pages\/2926\/revisions"}],"predecessor-version":[{"id":306374,"href":"https:\/\/www.camping-princes-orange.fr\/de\/wp-json\/wp\/v2\/pages\/2926\/revisions\/306374"}],"wp:attachment":[{"href":"https:\/\/www.camping-princes-orange.fr\/de\/wp-json\/wp\/v2\/media?parent=2926"}],"curies":[{"name":"wp","href":"https:\/\/api.w.org\/{rel}","templated":true}]}}