{"id":2991,"date":"2024-10-11T12:25:46","date_gmt":"2024-10-11T10:25:46","guid":{"rendered":"https:\/\/www.camping-princes-orange.fr\/datenschutzrichtlinie\/"},"modified":"2024-10-17T13:51:10","modified_gmt":"2024-10-17T11:51:10","slug":"datenschutzrichtlinie","status":"publish","type":"page","link":"https:\/\/www.camping-princes-orange.fr\/de\/datenschutzrichtlinie\/","title":{"rendered":"Datenschutzrichtlinie"},"content":{"rendered":"\n<h2 class=\"wp-block-heading\">Sammeln von Informationen<\/h2>\n\n<p>Wir sammeln Informationen, wenn Sie auf der Website surfen, eine Bestellung aufgeben und eines der Formulare ausf\u00fcllen.<\/p>\n\n<p>Dar\u00fcber hinaus erhalten und speichern wir automatisch Informationen von Ihrem Computer und Browser, wie z.B. :<\/p>\n\n<ul class=\"wp-block-list\">\n<li>die Seite(n), die Sie aufrufen<\/li>\n\n\n\n<li>Ihre IP-Adresse<\/li>\n\n\n\n<li>die Art der verwendeten Hardware und des Browsers<\/li>\n<\/ul>\n\n<h2 class=\"wp-block-heading\">Nutzung von Informationen<\/h2>\n\n<p>Alle Informationen, die wir von Ihnen sammeln, k\u00f6nnen f\u00fcr folgende Zwecke verwendet werden:<\/p>\n\n<ul class=\"wp-block-list\">\n<li>Personalisierung Ihrer Erfahrung und Erf\u00fcllung Ihrer individuellen Bed\u00fcrfnisse<\/li>\n\n\n\n<li>Bereitstellung von personalisierten Werbeinhalten<\/li>\n\n\n\n<li>Verbesserung unserer Website<\/li>\n\n\n\n<li>Verbesserung des Kundenservice und Ihres Betreuungsbedarfs<\/li>\n\n\n\n<li>Sie per E-Mail kontaktieren<\/li>\n\n\n\n<li>Einen Wettbewerb, eine Bef\u00f6rderung oder eine Umfrage verwalten<\/li>\n<\/ul>\n\n<h2 class=\"wp-block-heading\">Offenlegung gegen\u00fcber Dritten<\/h2>\n\n<p>Wir verkaufen, tauschen oder \u00fcbertragen Ihre pers\u00f6nlich identifizierbaren Informationen nicht an Dritte. Dies schlie\u00dft nicht vertrauensw\u00fcrdige Dritte ein, die uns beim Betrieb unserer Website helfen, solange diese Parteien sich damit einverstanden erkl\u00e4ren, diese Informationen vertraulich zu behandeln. <\/p>\n\n<p>Nicht-private Informationen k\u00f6nnen jedoch anderen Parteien f\u00fcr Marketing, Werbung oder andere Zwecke zur Verf\u00fcgung gestellt werden.<\/p>\n\n<h2 class=\"wp-block-heading\">Schutz von Informationen und pers\u00f6nlichen Daten<\/h2>\n\n<p>Der Internetnutzer kann dazu veranlasst werden, bestimmte pers\u00f6nliche Daten zu hinterlegen, indem er die ihm angebotenen Formulare ausf\u00fcllt. Die Eingabe dieser Daten ist f\u00fcr die Bearbeitung der Anfrage des Internetnutzers durch <strong>Ciela Village<\/strong> erforderlich. <\/p>\n\n<p>Ciela Village verpflichtet sich, die Bestimmungen des Gesetzes Nr. 78-17 vom 6. Januar 1978 \u00fcber Informatik, Dateien und Freiheiten in der ge\u00e4nderten Fassung einzuhalten und alle notwendigen Vorsichtsma\u00dfnahmen zu ergreifen, um die Sicherheit der anvertrauten namentlichen Informationen zu gew\u00e4hrleisten. Ohne die vorherige informierte Zustimmung des Internetnutzers werden keine pers\u00f6nlichen Daten an Dritte weitergegeben. <\/p>\n\n<p>Wir setzen eine Vielzahl von Sicherheitsma\u00dfnahmen ein, um die Sicherheit Ihrer pers\u00f6nlichen Daten zu gew\u00e4hrleisten:<\/p>\n\n<ul id=\"block-342f7f15-5b2e-452e-8c64-ef467007c504\" class=\"wp-block-list\">\n<li>SSL-Protokoll<\/li>\n\n\n\n<li>Verwaltung des Zugangs durch Login\/Passwort<\/li>\n\n\n\n<li>Software zur Netzwerk\u00fcberwachung<\/li>\n\n\n\n<li>Mehrere Computer-Backups<\/li>\n\n\n\n<li>Firewall<\/li>\n<\/ul>\n\n<p>Wir sch\u00fctzen Ihre Informationen auch offline. Nur Mitarbeiter, die eine bestimmte Arbeit ausf\u00fchren m\u00fcssen (z.B. Rechnungsstellung oder Kundenservice), haben Zugang zu pers\u00f6nlich identifizierbaren Informationen. Die Computer und Server, die zur Speicherung von personenbezogenen Daten verwendet werden, werden in einer sicheren Umgebung aufbewahrt.  <\/p>\n\n<h2 class=\"wp-block-heading\">Informationen \u00fcber Cookies auf unserer Website<\/h2>\n\n<p>Detaillierte Informationen \u00fcber Cookies und wie sie auf der Website verwaltet werden, finden Sie hier: <a href=\"https:\/\/lesmarsouins.cielavillage.fr\/politique-de-cookies-ue\/\">Cookie-Richtlinie (EU)<\/a><\/p>\n\n<h2 class=\"wp-block-heading\">Recht auf Zugang, \u00c4nderung und L\u00f6schung Ihrer Daten<\/h2>\n\n<p>Wir verpflichten uns, Ihnen das Recht auf Widerspruch und R\u00fccknahme Ihrer pers\u00f6nlichen Daten zu gew\u00e4hren. Das Widerspruchsrecht ist die M\u00f6glichkeit f\u00fcr Internetnutzer, die Verwendung ihrer pers\u00f6nlichen Daten f\u00fcr bestimmte Zwecke, die bei der Erhebung angegeben wurden, abzulehnen. <\/p>\n\n<p>Wenn Sie zu irgendeinem Zeitpunkt Zugang zu Ihren pers\u00f6nlichen Informationen w\u00fcnschen oder diese \u00e4ndern oder l\u00f6schen m\u00f6chten, k\u00f6nnen Sie dies direkt \u00fcber die oben genannten Kontakte beantragen.<\/p>\n\n<h4 class=\"wp-block-heading\"><strong>Um diese Rechte auszu\u00fcben, k\u00f6nnen Sie sich an uns wenden.<\/strong><\/h4>\n\n<p><strong>Ciela Village<\/strong><br\/>Le Pergol\u00e8se, 1155 Avenue dei Reganeu, 83150 BANDOL<br\/><strong>Email<\/strong>: callcenter@cielavillage.com<\/p>\n","protected":false},"excerpt":{"rendered":"<p>Sammeln von Informationen Wir sammeln Informationen, wenn Sie auf der Website surfen, eine Bestellung aufgeben und eines der Formulare ausf\u00fcllen. Dar\u00fcber hinaus erhalten und speichern wir automatisch Informationen von Ihrem Computer und Browser, wie z.B. : Nutzung von Informationen Alle Informationen, die wir von Ihnen sammeln, k\u00f6nnen f\u00fcr folgende Zwecke verwendet werden: Offenlegung gegen\u00fcber Dritten [&hellip;]<\/p>\n","protected":false},"author":1,"featured_media":0,"parent":0,"menu_order":0,"comment_status":"closed","ping_status":"closed","template":"","meta":{"_acf_changed":false,"footnotes":""},"class_list":["post-2991","page","type-page","status-publish","hentry"],"acf":[],"yoast_head":"<!-- This site is optimized with the Yoast SEO plugin v27.3 - https:\/\/yoast.com\/product\/yoast-seo-wordpress\/ -->\n<title>Datenschutzrichtlinie - Camping Princes d&#039;Orange<\/title>\n<meta name=\"robots\" content=\"index, follow, max-snippet:-1, max-image-preview:large, max-video-preview:-1\" \/>\n<link rel=\"canonical\" href=\"https:\/\/www.camping-princes-orange.fr\/de\/datenschutzrichtlinie\/\" \/>\n<meta property=\"og:locale\" content=\"de_DE\" \/>\n<meta property=\"og:type\" content=\"article\" \/>\n<meta property=\"og:title\" content=\"Datenschutzrichtlinie - Camping Princes d&#039;Orange\" \/>\n<meta property=\"og:description\" content=\"Sammeln von Informationen Wir sammeln Informationen, wenn Sie auf der Website surfen, eine Bestellung aufgeben und eines der Formulare ausf\u00fcllen. Dar\u00fcber hinaus erhalten und speichern wir automatisch Informationen von Ihrem Computer und Browser, wie z.B. : Nutzung von Informationen Alle Informationen, die wir von Ihnen sammeln, k\u00f6nnen f\u00fcr folgende Zwecke verwendet werden: Offenlegung gegen\u00fcber Dritten [&hellip;]\" \/>\n<meta property=\"og:url\" content=\"https:\/\/www.camping-princes-orange.fr\/de\/datenschutzrichtlinie\/\" \/>\n<meta property=\"og:site_name\" content=\"Camping Princes d&#039;Orange\" \/>\n<meta property=\"article:modified_time\" content=\"2024-10-17T11:51:10+00:00\" \/>\n<meta name=\"twitter:card\" content=\"summary_large_image\" \/>\n<meta name=\"twitter:label1\" content=\"Gesch\u00e4tzte Lesezeit\" \/>\n\t<meta name=\"twitter:data1\" content=\"2\u00a0Minuten\" \/>\n<script type=\"application\/ld+json\" class=\"yoast-schema-graph\">{\"@context\":\"https:\\\/\\\/schema.org\",\"@graph\":[{\"@type\":\"WebPage\",\"@id\":\"https:\\\/\\\/www.camping-princes-orange.fr\\\/de\\\/datenschutzrichtlinie\\\/\",\"url\":\"https:\\\/\\\/www.camping-princes-orange.fr\\\/de\\\/datenschutzrichtlinie\\\/\",\"name\":\"Datenschutzrichtlinie - Camping Princes d&#039;Orange\",\"isPartOf\":{\"@id\":\"https:\\\/\\\/www.camping-princes-orange.fr\\\/de\\\/#website\"},\"datePublished\":\"2024-10-11T10:25:46+00:00\",\"dateModified\":\"2024-10-17T11:51:10+00:00\",\"breadcrumb\":{\"@id\":\"https:\\\/\\\/www.camping-princes-orange.fr\\\/de\\\/datenschutzrichtlinie\\\/#breadcrumb\"},\"inLanguage\":\"de\",\"potentialAction\":[{\"@type\":\"ReadAction\",\"target\":[\"https:\\\/\\\/www.camping-princes-orange.fr\\\/de\\\/datenschutzrichtlinie\\\/\"]}]},{\"@type\":\"BreadcrumbList\",\"@id\":\"https:\\\/\\\/www.camping-princes-orange.fr\\\/de\\\/datenschutzrichtlinie\\\/#breadcrumb\",\"itemListElement\":[{\"@type\":\"ListItem\",\"position\":1,\"name\":\"Accueil\",\"item\":\"https:\\\/\\\/www.camping-princes-orange.fr\\\/de\\\/\"},{\"@type\":\"ListItem\",\"position\":2,\"name\":\"Datenschutzrichtlinie\"}]},{\"@type\":\"WebSite\",\"@id\":\"https:\\\/\\\/www.camping-princes-orange.fr\\\/de\\\/#website\",\"url\":\"https:\\\/\\\/www.camping-princes-orange.fr\\\/de\\\/\",\"name\":\"Camping 1\",\"description\":\"\",\"potentialAction\":[{\"@type\":\"SearchAction\",\"target\":{\"@type\":\"EntryPoint\",\"urlTemplate\":\"https:\\\/\\\/www.camping-princes-orange.fr\\\/de\\\/?s={search_term_string}\"},\"query-input\":{\"@type\":\"PropertyValueSpecification\",\"valueRequired\":true,\"valueName\":\"search_term_string\"}}],\"inLanguage\":\"de\"}]}<\/script>\n<!-- \/ Yoast SEO plugin. -->","yoast_head_json":{"title":"Datenschutzrichtlinie - Camping Princes d&#039;Orange","robots":{"index":"index","follow":"follow","max-snippet":"max-snippet:-1","max-image-preview":"max-image-preview:large","max-video-preview":"max-video-preview:-1"},"canonical":"https:\/\/www.camping-princes-orange.fr\/de\/datenschutzrichtlinie\/","og_locale":"de_DE","og_type":"article","og_title":"Datenschutzrichtlinie - Camping Princes d&#039;Orange","og_description":"Sammeln von Informationen Wir sammeln Informationen, wenn Sie auf der Website surfen, eine Bestellung aufgeben und eines der Formulare ausf\u00fcllen. Dar\u00fcber hinaus erhalten und speichern wir automatisch Informationen von Ihrem Computer und Browser, wie z.B. : Nutzung von Informationen Alle Informationen, die wir von Ihnen sammeln, k\u00f6nnen f\u00fcr folgende Zwecke verwendet werden: Offenlegung gegen\u00fcber Dritten [&hellip;]","og_url":"https:\/\/www.camping-princes-orange.fr\/de\/datenschutzrichtlinie\/","og_site_name":"Camping Princes d&#039;Orange","article_modified_time":"2024-10-17T11:51:10+00:00","twitter_card":"summary_large_image","twitter_misc":{"Gesch\u00e4tzte Lesezeit":"2\u00a0Minuten"},"schema":{"@context":"https:\/\/schema.org","@graph":[{"@type":"WebPage","@id":"https:\/\/www.camping-princes-orange.fr\/de\/datenschutzrichtlinie\/","url":"https:\/\/www.camping-princes-orange.fr\/de\/datenschutzrichtlinie\/","name":"Datenschutzrichtlinie - Camping Princes d&#039;Orange","isPartOf":{"@id":"https:\/\/www.camping-princes-orange.fr\/de\/#website"},"datePublished":"2024-10-11T10:25:46+00:00","dateModified":"2024-10-17T11:51:10+00:00","breadcrumb":{"@id":"https:\/\/www.camping-princes-orange.fr\/de\/datenschutzrichtlinie\/#breadcrumb"},"inLanguage":"de","potentialAction":[{"@type":"ReadAction","target":["https:\/\/www.camping-princes-orange.fr\/de\/datenschutzrichtlinie\/"]}]},{"@type":"BreadcrumbList","@id":"https:\/\/www.camping-princes-orange.fr\/de\/datenschutzrichtlinie\/#breadcrumb","itemListElement":[{"@type":"ListItem","position":1,"name":"Accueil","item":"https:\/\/www.camping-princes-orange.fr\/de\/"},{"@type":"ListItem","position":2,"name":"Datenschutzrichtlinie"}]},{"@type":"WebSite","@id":"https:\/\/www.camping-princes-orange.fr\/de\/#website","url":"https:\/\/www.camping-princes-orange.fr\/de\/","name":"Camping 1","description":"","potentialAction":[{"@type":"SearchAction","target":{"@type":"EntryPoint","urlTemplate":"https:\/\/www.camping-princes-orange.fr\/de\/?s={search_term_string}"},"query-input":{"@type":"PropertyValueSpecification","valueRequired":true,"valueName":"search_term_string"}}],"inLanguage":"de"}]}},"_links":{"self":[{"href":"https:\/\/www.camping-princes-orange.fr\/de\/wp-json\/wp\/v2\/pages\/2991","targetHints":{"allow":["GET"]}}],"collection":[{"href":"https:\/\/www.camping-princes-orange.fr\/de\/wp-json\/wp\/v2\/pages"}],"about":[{"href":"https:\/\/www.camping-princes-orange.fr\/de\/wp-json\/wp\/v2\/types\/page"}],"author":[{"embeddable":true,"href":"https:\/\/www.camping-princes-orange.fr\/de\/wp-json\/wp\/v2\/users\/1"}],"replies":[{"embeddable":true,"href":"https:\/\/www.camping-princes-orange.fr\/de\/wp-json\/wp\/v2\/comments?post=2991"}],"version-history":[{"count":1,"href":"https:\/\/www.camping-princes-orange.fr\/de\/wp-json\/wp\/v2\/pages\/2991\/revisions"}],"predecessor-version":[{"id":2993,"href":"https:\/\/www.camping-princes-orange.fr\/de\/wp-json\/wp\/v2\/pages\/2991\/revisions\/2993"}],"wp:attachment":[{"href":"https:\/\/www.camping-princes-orange.fr\/de\/wp-json\/wp\/v2\/media?parent=2991"}],"curies":[{"name":"wp","href":"https:\/\/api.w.org\/{rel}","templated":true}]}}