{"id":2996,"date":"2024-10-11T12:25:47","date_gmt":"2024-10-11T10:25:47","guid":{"rendered":"https:\/\/www.camping-princes-orange.fr\/cookie-richtlinie-eu\/"},"modified":"2024-10-17T13:51:10","modified_gmt":"2024-10-17T11:51:10","slug":"cookie-richtlinie-eu","status":"publish","type":"page","link":"https:\/\/www.camping-princes-orange.fr\/de\/cookie-richtlinie-eu\/","title":{"rendered":"Cookie-Richtlinie (EU)"},"content":{"rendered":"\n<p><em>Diese Cookie-Richtlinie wurde zuletzt am 1. M\u00e4rz 2024 aktualisiert und gilt f\u00fcr B\u00fcrger und rechtm\u00e4\u00dfige st\u00e4ndige Bewohner des Europ\u00e4ischen Wirtschaftsraums und der Schweiz.<\/em><\/p>\n\n<h2 class=\"wp-block-heading\">1. Einf\u00fchrung<\/h2>\n\n<p>Unsere Website, <a href=\"https:\/\/cielavillage.fr\">https:\/\/cielavillage.fr<\/a> (im Folgenden: &#8222;die Website&#8220;), verwendet Cookies und andere verwandte Technologien (der Einfachheit halber werden alle diese Technologien als &#8222;Cookies&#8220; bezeichnet). Cookies werden auch von Dritten platziert, die wir beauftragt haben. Im folgenden Dokument informieren wir Sie \u00fcber die Verwendung von Cookies auf unserer Website.  <\/p>\n\n<h2 class=\"wp-block-heading\">2. Was sind Cookies?<\/h2>\n\n<p>Ein Cookie ist eine kleine, einfache Datei, die mit den Seiten dieser Website gesendet und von Ihrem Browser auf der Festplatte Ihres Computers oder eines anderen Ger\u00e4ts gespeichert wird. Die darin gespeicherten Informationen k\u00f6nnen bei einem sp\u00e4teren Besuch an unsere Server oder die Server der betreffenden Dritten zur\u00fcckgesandt werden. <\/p>\n\n<h2 class=\"wp-block-heading\">3. Was sind Skripte?<\/h2>\n\n<p>Ein Skript ist ein St\u00fcck Code, das verwendet wird, damit unsere Website korrekt und interaktiv funktioniert. Dieser Code wird auf unserem Server oder auf Ihrem Ger\u00e4t ausgef\u00fchrt. <\/p>\n\n<h2 class=\"wp-block-heading\">4. Was ist ein unsichtbarer Tag?<\/h2>\n\n<p>Ein unsichtbares Tag (oder Web Beacon) ist ein kleines, unsichtbares St\u00fcck Text oder Bild auf einer Website, das verwendet wird, um den Datenverkehr auf einer Website zu verfolgen. Zu diesem Zweck werden verschiedene Daten \u00fcber Sie mit Hilfe von unsichtbaren Tags gespeichert. <\/p>\n\n<h2 class=\"wp-block-heading\">5. Cookies<\/h2>\n\n<p>5.1 Technische oder funktionelle Cookies<\/p>\n\n<p>Einige Cookies sorgen daf\u00fcr, dass bestimmte Teile der Website korrekt funktionieren und dass Ihre Pr\u00e4ferenzen als Internetnutzer ber\u00fccksichtigt werden. Durch das Setzen von funktionalen Cookies erleichtern wir Ihnen den Besuch unserer Website. So m\u00fcssen Sie beim Besuch unserer Website nicht mehrmals dieselben Informationen eingeben und beispielsweise bleiben die Artikel in Ihrem Warenkorb, bis Sie bezahlt haben. Wir k\u00f6nnen diese Cookies ohne Ihre Zustimmung ablegen.   <\/p>\n\n<p>5.2 Statistische Cookies<\/p>\n\n<p>Wir verwenden statistische Cookies, um die Erfahrung der Besucher auf unserer Website zu optimieren. Mit diesen statistischen Cookies erhalten wir Informationen \u00fcber die Nutzung unserer Website. Wir bitten Sie um Ihre Erlaubnis, statistische Cookies zu setzen.  <\/p>\n\n<p>5.3 Marketing-\/Nachverfolgungs-Cookies<\/p>\n\n<p>Marketing-\/Tracking-Cookies sind Cookies oder andere Formen der lokalen Speicherung, die verwendet werden, um Nutzerprofile zu erstellen, um Werbung anzuzeigen oder den Nutzer auf dieser Website oder \u00fcber mehrere Websites hinweg zu \u00e4hnlichen Marketingzwecken zu verfolgen.<\/p>\n\n<h2 class=\"wp-block-heading\">6. Platzierte Cookies<\/h2>\n\n<h3 class=\"wp-block-heading\">Facebook<\/h3>\n\n<p>MarketingConsent to service facebook<\/p>\n\n<h3 class=\"wp-block-heading\">Wistia<\/h3>\n\n<p>MarketingConsent to service wistia<\/p>\n\n<h3 class=\"wp-block-heading\">Google Adsense<\/h3>\n\n<p>MarketingConsent to service google-adsense<\/p>\n\n<h3 class=\"wp-block-heading\">Google Fonts<\/h3>\n\n<p>MarketingConsent to service google-fonts<\/p>\n\n<h3 class=\"wp-block-heading\">Google reCAPTCHA<\/h3>\n\n<p>MarketingConsent to service google-recaptcha<\/p>\n\n<h3 class=\"wp-block-heading\">Vimeo<\/h3>\n\n<p>StatistikenConsent to service vimeo<\/p>\n\n<h3 class=\"wp-block-heading\">YouTube<\/h3>\n\n<p>MarketingConsent to service youtube<\/p>\n\n<h3 class=\"wp-block-heading\">Verschiedene<\/h3>\n\n<p>Zweck in Erwartung einer UntersuchungConsent to service divers<\/p>\n\n<h2 class=\"wp-block-heading\">7. Zustimmung<\/h2>\n\n<p>Wenn Sie unsere Website zum ersten Mal besuchen, zeigen wir Ihnen ein Popup-Fenster mit einer Erkl\u00e4rung zu Cookies. Sobald Sie auf &#8222;Einstellungen speichern&#8220; klicken, erlauben Sie uns, die Kategorien von Cookies und Erweiterungen zu verwenden, die Sie im Popup-Fenster ausgew\u00e4hlt haben, wie in dieser Cookie-Richtlinie beschrieben. Sie k\u00f6nnen die Verwendung von Cookies \u00fcber Ihren Browser deaktivieren, aber bitte beachten Sie, dass unsere Website dann m\u00f6glicherweise nicht mehr richtig funktioniert.  <\/p>\n\n<p>7.1 Verwalten Sie Ihre Zustimmungseinstellungen Funktional Funktional Immer aktiviert Statistiken Statistiken Marketing Marketing<\/p>\n\n<h2 class=\"wp-block-heading\">8. Aktivierung\/Deaktivierung und L\u00f6schung von Cookies<\/h2>\n\n<p>Sie k\u00f6nnen Ihren Internetbrowser verwenden, um Cookies automatisch oder manuell zu l\u00f6schen. Sie k\u00f6nnen auch festlegen, dass bestimmte Cookies nicht platziert werden d\u00fcrfen. Eine weitere Option besteht darin, die Einstellungen Ihres Internetbrowsers so zu \u00e4ndern, dass Sie jedes Mal eine Nachricht erhalten, wenn ein Cookie gesetzt wird. Weitere Informationen zu diesen Optionen finden Sie in der Hilfe Ihres Browsers.   <\/p>\n\n<p>Bitte beachten Sie, dass unsere Website m\u00f6glicherweise nicht richtig funktioniert, wenn alle Cookies deaktiviert sind. Wenn Sie die Cookies in Ihrem Browser l\u00f6schen, werden sie nach Ihrer Zustimmung wieder gesetzt, wenn Sie unsere Website erneut besuchen. <\/p>\n\n<h2 class=\"wp-block-heading\">9. Ihre Rechte in Bezug auf pers\u00f6nliche Daten<\/h2>\n\n<p>Sie haben die folgenden Rechte in Bezug auf Ihre pers\u00f6nlichen Daten:<\/p>\n\n<ul class=\"wp-block-list\">\n<li>Sie haben das Recht zu erfahren, warum Ihre pers\u00f6nlichen Daten ben\u00f6tigt werden, was mit ihnen geschieht und wie lange sie aufbewahrt werden.<\/li>\n\n\n\n<li>Recht auf Zugang: Sie haben das Recht, auf Ihre pers\u00f6nlichen Daten, die uns bekannt sind, zuzugreifen.<\/li>\n\n\n\n<li>Recht auf Berichtigung: Sie haben jederzeit das Recht, Ihre pers\u00f6nlichen Daten zu erg\u00e4nzen, zu korrigieren, l\u00f6schen zu lassen oder zu sperren.<\/li>\n\n\n\n<li>Wenn Sie uns Ihre Zustimmung zur Verarbeitung Ihrer Daten gegeben haben, haben Sie das Recht, diese Zustimmung zu widerrufen und Ihre pers\u00f6nlichen Daten l\u00f6schen zu lassen.<\/li>\n\n\n\n<li>Recht auf \u00dcbertragung Ihrer Daten: Sie haben das Recht, alle Ihre personenbezogenen Daten von dem f\u00fcr die Verarbeitung Verantwortlichen anzufordern und sie in ihrer Gesamtheit an einen anderen f\u00fcr die Verarbeitung Verantwortlichen zu \u00fcbertragen.<\/li>\n\n\n\n<li>Widerspruchsrecht: Sie k\u00f6nnen gegen die Verarbeitung Ihrer Daten Widerspruch einlegen. Wir werden dem nachkommen, es sei denn, es gibt Gr\u00fcnde, die die Verarbeitung rechtfertigen. <\/li>\n<\/ul>\n\n<p>Um diese Rechte auszu\u00fcben, kontaktieren Sie uns bitte. Bitte beziehen Sie sich auf die Kontaktdaten am Ende dieser Cookie-Richtlinie. Wenn Sie eine Beschwerde \u00fcber die Art und Weise haben, wie wir Ihre Daten verarbeiten, w\u00fcrden wir gerne dar\u00fcber informiert werden, aber Sie haben auch das Recht, eine Beschwerde bei der Aufsichtsbeh\u00f6rde (der Datenschutzbeh\u00f6rde) einzureichen.  <\/p>\n\n<h2 class=\"wp-block-heading\">10. Kontaktinformationen<\/h2>\n\n<p>Bei Fragen und\/oder Anmerkungen zu unserer Cookie-Richtlinie und dieser Erkl\u00e4rung kontaktieren Sie uns bitte unter den folgenden Kontaktdaten:<\/p>\n\n<p>GB Gruppe, Ciela Village<br\/>Le Pergol\u00e8se<br\/>1155 Avenue dei Reganeu<br\/>83150 Bandol<br\/>Frankreich<br\/>Website: https:\/\/cielavillage.fr<br\/>E-mail: callcenter@cielavillage.com<br\/>Telefonnummer: +33422547355<\/p>\n\n<p>Diese Cookie-Richtlinie wurde am 2. M\u00e4rz 2024 mit <a href=\"https:\/\/cookiedatabase.org\/\" target=\"_blank\" rel=\"noreferrer noopener\">cookiedatabase.org<\/a> synchronisiert.<\/p>\n","protected":false},"excerpt":{"rendered":"<p>Diese Cookie-Richtlinie wurde zuletzt am 1. M\u00e4rz 2024 aktualisiert und gilt f\u00fcr B\u00fcrger und rechtm\u00e4\u00dfige st\u00e4ndige Bewohner des Europ\u00e4ischen Wirtschaftsraums und der Schweiz. 1. Einf\u00fchrung Unsere Website, https:\/\/cielavillage.fr (im Folgenden: &#8222;die Website&#8220;), verwendet Cookies und andere verwandte Technologien (der Einfachheit halber werden alle diese Technologien als &#8222;Cookies&#8220; bezeichnet). Cookies werden auch von Dritten platziert, die [&hellip;]<\/p>\n","protected":false},"author":1,"featured_media":0,"parent":0,"menu_order":0,"comment_status":"closed","ping_status":"closed","template":"","meta":{"_acf_changed":false,"footnotes":""},"class_list":["post-2996","page","type-page","status-publish","hentry"],"acf":[],"yoast_head":"<!-- This site is optimized with the Yoast SEO plugin v27.3 - https:\/\/yoast.com\/product\/yoast-seo-wordpress\/ -->\n<title>Cookie-Richtlinie (EU) - Camping Princes d&#039;Orange<\/title>\n<meta name=\"robots\" content=\"index, follow, max-snippet:-1, max-image-preview:large, max-video-preview:-1\" \/>\n<link rel=\"canonical\" href=\"https:\/\/www.camping-princes-orange.fr\/de\/cookie-richtlinie-eu\/\" \/>\n<meta property=\"og:locale\" content=\"de_DE\" \/>\n<meta property=\"og:type\" content=\"article\" \/>\n<meta property=\"og:title\" content=\"Cookie-Richtlinie (EU) - Camping Princes d&#039;Orange\" \/>\n<meta property=\"og:description\" content=\"Diese Cookie-Richtlinie wurde zuletzt am 1. M\u00e4rz 2024 aktualisiert und gilt f\u00fcr B\u00fcrger und rechtm\u00e4\u00dfige st\u00e4ndige Bewohner des Europ\u00e4ischen Wirtschaftsraums und der Schweiz. 1. Einf\u00fchrung Unsere Website, https:\/\/cielavillage.fr (im Folgenden: &#8222;die Website&#8220;), verwendet Cookies und andere verwandte Technologien (der Einfachheit halber werden alle diese Technologien als &#8222;Cookies&#8220; bezeichnet). Cookies werden auch von Dritten platziert, die [&hellip;]\" \/>\n<meta property=\"og:url\" content=\"https:\/\/www.camping-princes-orange.fr\/de\/cookie-richtlinie-eu\/\" \/>\n<meta property=\"og:site_name\" content=\"Camping Princes d&#039;Orange\" \/>\n<meta property=\"article:modified_time\" content=\"2024-10-17T11:51:10+00:00\" \/>\n<meta name=\"twitter:card\" content=\"summary_large_image\" \/>\n<meta name=\"twitter:label1\" content=\"Gesch\u00e4tzte Lesezeit\" \/>\n\t<meta name=\"twitter:data1\" content=\"4\u00a0Minuten\" \/>\n<script type=\"application\/ld+json\" class=\"yoast-schema-graph\">{\"@context\":\"https:\\\/\\\/schema.org\",\"@graph\":[{\"@type\":\"WebPage\",\"@id\":\"https:\\\/\\\/www.camping-princes-orange.fr\\\/de\\\/cookie-richtlinie-eu\\\/\",\"url\":\"https:\\\/\\\/www.camping-princes-orange.fr\\\/de\\\/cookie-richtlinie-eu\\\/\",\"name\":\"Cookie-Richtlinie (EU) - Camping Princes d&#039;Orange\",\"isPartOf\":{\"@id\":\"https:\\\/\\\/www.camping-princes-orange.fr\\\/de\\\/#website\"},\"datePublished\":\"2024-10-11T10:25:47+00:00\",\"dateModified\":\"2024-10-17T11:51:10+00:00\",\"breadcrumb\":{\"@id\":\"https:\\\/\\\/www.camping-princes-orange.fr\\\/de\\\/cookie-richtlinie-eu\\\/#breadcrumb\"},\"inLanguage\":\"de\",\"potentialAction\":[{\"@type\":\"ReadAction\",\"target\":[\"https:\\\/\\\/www.camping-princes-orange.fr\\\/de\\\/cookie-richtlinie-eu\\\/\"]}]},{\"@type\":\"BreadcrumbList\",\"@id\":\"https:\\\/\\\/www.camping-princes-orange.fr\\\/de\\\/cookie-richtlinie-eu\\\/#breadcrumb\",\"itemListElement\":[{\"@type\":\"ListItem\",\"position\":1,\"name\":\"Accueil\",\"item\":\"https:\\\/\\\/www.camping-princes-orange.fr\\\/de\\\/\"},{\"@type\":\"ListItem\",\"position\":2,\"name\":\"Cookie-Richtlinie (EU)\"}]},{\"@type\":\"WebSite\",\"@id\":\"https:\\\/\\\/www.camping-princes-orange.fr\\\/de\\\/#website\",\"url\":\"https:\\\/\\\/www.camping-princes-orange.fr\\\/de\\\/\",\"name\":\"Camping 1\",\"description\":\"\",\"potentialAction\":[{\"@type\":\"SearchAction\",\"target\":{\"@type\":\"EntryPoint\",\"urlTemplate\":\"https:\\\/\\\/www.camping-princes-orange.fr\\\/de\\\/?s={search_term_string}\"},\"query-input\":{\"@type\":\"PropertyValueSpecification\",\"valueRequired\":true,\"valueName\":\"search_term_string\"}}],\"inLanguage\":\"de\"}]}<\/script>\n<!-- \/ Yoast SEO plugin. -->","yoast_head_json":{"title":"Cookie-Richtlinie (EU) - Camping Princes d&#039;Orange","robots":{"index":"index","follow":"follow","max-snippet":"max-snippet:-1","max-image-preview":"max-image-preview:large","max-video-preview":"max-video-preview:-1"},"canonical":"https:\/\/www.camping-princes-orange.fr\/de\/cookie-richtlinie-eu\/","og_locale":"de_DE","og_type":"article","og_title":"Cookie-Richtlinie (EU) - Camping Princes d&#039;Orange","og_description":"Diese Cookie-Richtlinie wurde zuletzt am 1. M\u00e4rz 2024 aktualisiert und gilt f\u00fcr B\u00fcrger und rechtm\u00e4\u00dfige st\u00e4ndige Bewohner des Europ\u00e4ischen Wirtschaftsraums und der Schweiz. 1. Einf\u00fchrung Unsere Website, https:\/\/cielavillage.fr (im Folgenden: &#8222;die Website&#8220;), verwendet Cookies und andere verwandte Technologien (der Einfachheit halber werden alle diese Technologien als &#8222;Cookies&#8220; bezeichnet). Cookies werden auch von Dritten platziert, die [&hellip;]","og_url":"https:\/\/www.camping-princes-orange.fr\/de\/cookie-richtlinie-eu\/","og_site_name":"Camping Princes d&#039;Orange","article_modified_time":"2024-10-17T11:51:10+00:00","twitter_card":"summary_large_image","twitter_misc":{"Gesch\u00e4tzte Lesezeit":"4\u00a0Minuten"},"schema":{"@context":"https:\/\/schema.org","@graph":[{"@type":"WebPage","@id":"https:\/\/www.camping-princes-orange.fr\/de\/cookie-richtlinie-eu\/","url":"https:\/\/www.camping-princes-orange.fr\/de\/cookie-richtlinie-eu\/","name":"Cookie-Richtlinie (EU) - Camping Princes d&#039;Orange","isPartOf":{"@id":"https:\/\/www.camping-princes-orange.fr\/de\/#website"},"datePublished":"2024-10-11T10:25:47+00:00","dateModified":"2024-10-17T11:51:10+00:00","breadcrumb":{"@id":"https:\/\/www.camping-princes-orange.fr\/de\/cookie-richtlinie-eu\/#breadcrumb"},"inLanguage":"de","potentialAction":[{"@type":"ReadAction","target":["https:\/\/www.camping-princes-orange.fr\/de\/cookie-richtlinie-eu\/"]}]},{"@type":"BreadcrumbList","@id":"https:\/\/www.camping-princes-orange.fr\/de\/cookie-richtlinie-eu\/#breadcrumb","itemListElement":[{"@type":"ListItem","position":1,"name":"Accueil","item":"https:\/\/www.camping-princes-orange.fr\/de\/"},{"@type":"ListItem","position":2,"name":"Cookie-Richtlinie (EU)"}]},{"@type":"WebSite","@id":"https:\/\/www.camping-princes-orange.fr\/de\/#website","url":"https:\/\/www.camping-princes-orange.fr\/de\/","name":"Camping 1","description":"","potentialAction":[{"@type":"SearchAction","target":{"@type":"EntryPoint","urlTemplate":"https:\/\/www.camping-princes-orange.fr\/de\/?s={search_term_string}"},"query-input":{"@type":"PropertyValueSpecification","valueRequired":true,"valueName":"search_term_string"}}],"inLanguage":"de"}]}},"_links":{"self":[{"href":"https:\/\/www.camping-princes-orange.fr\/de\/wp-json\/wp\/v2\/pages\/2996","targetHints":{"allow":["GET"]}}],"collection":[{"href":"https:\/\/www.camping-princes-orange.fr\/de\/wp-json\/wp\/v2\/pages"}],"about":[{"href":"https:\/\/www.camping-princes-orange.fr\/de\/wp-json\/wp\/v2\/types\/page"}],"author":[{"embeddable":true,"href":"https:\/\/www.camping-princes-orange.fr\/de\/wp-json\/wp\/v2\/users\/1"}],"replies":[{"embeddable":true,"href":"https:\/\/www.camping-princes-orange.fr\/de\/wp-json\/wp\/v2\/comments?post=2996"}],"version-history":[{"count":1,"href":"https:\/\/www.camping-princes-orange.fr\/de\/wp-json\/wp\/v2\/pages\/2996\/revisions"}],"predecessor-version":[{"id":2998,"href":"https:\/\/www.camping-princes-orange.fr\/de\/wp-json\/wp\/v2\/pages\/2996\/revisions\/2998"}],"wp:attachment":[{"href":"https:\/\/www.camping-princes-orange.fr\/de\/wp-json\/wp\/v2\/media?parent=2996"}],"curies":[{"name":"wp","href":"https:\/\/api.w.org\/{rel}","templated":true}]}}