{"id":3015,"date":"2024-10-11T12:25:55","date_gmt":"2024-10-11T10:25:55","guid":{"rendered":"https:\/\/www.camping-princes-orange.fr\/vermietung-von-stellplaetzen-in-hautes-alpes\/"},"modified":"2025-11-03T09:22:04","modified_gmt":"2025-11-03T08:22:04","slug":"vermietung-von-stellplaetzen-in-hautes-alpes","status":"publish","type":"page","link":"https:\/\/www.camping-princes-orange.fr\/de\/vermietung-von-stellplaetzen-in-hautes-alpes\/","title":{"rendered":"Vermietung von Stellpl\u00e4tzen in Hautes-Alpes"},"content":{"rendered":"\n<p>M\u00f6chten Sie nach S\u00fcdfrankreich in die Hautes-Alpes fahren und einen <strong>Urlaub im Herzen der Natur<\/strong> verbringen? Der Campingplatz Les Princes d&#8217;Orange in Orpierre vermietet einen <strong>Stellplatz f\u00fcr einen authentischen Campingurlaub<\/strong>!   <\/p>\n\n\n\n<p>Unser Campingplatz Les Princes d&#8217;Orange bietet Ihnen <strong>ger\u00e4umige<\/strong>, und h\u00fcbsch begr\u00fcnt <strong>Stellpl\u00e4tze<\/strong>, auf denen Sie Ihren Urlaub mit der Familie oder mit Freunden in aller Ruhe genie\u00dfen k\u00f6nnen. Ob Sie nun einen Urlaub im Zelt, im Wohnwagen oder im Wohnmobil bevorzugen, unsere sch\u00f6nen und gepflegten Parzellen bieten Ihnen allen Komfort f\u00fcr einen <strong>traumhaften Aufenthalt in<\/strong> Orpierre in <strong>den Hautes-Alpes<\/strong>.<\/p>\n","protected":false},"excerpt":{"rendered":"<p>M\u00f6chten Sie nach S\u00fcdfrankreich in die Hautes-Alpes fahren und einen Urlaub im Herzen der Natur verbringen? Der Campingplatz Les Princes d&#8217;Orange in Orpierre vermietet einen Stellplatz f\u00fcr einen authentischen Campingurlaub! Unser Campingplatz Les Princes d&#8217;Orange bietet Ihnen ger\u00e4umige, und h\u00fcbsch begr\u00fcnt Stellpl\u00e4tze, auf denen Sie Ihren Urlaub mit der Familie oder mit Freunden in aller [&hellip;]<\/p>\n","protected":false},"author":1,"featured_media":0,"parent":0,"menu_order":0,"comment_status":"closed","ping_status":"closed","template":"","meta":{"_acf_changed":false,"footnotes":""},"class_list":["post-3015","page","type-page","status-publish","hentry"],"acf":[],"yoast_head":"<!-- This site is optimized with the Yoast SEO plugin v27.3 - https:\/\/yoast.com\/product\/yoast-seo-wordpress\/ -->\n<title>Vermietung von Stellpl\u00e4tzen in Hautes-Alpes - Camping Princes d&#039;Orange<\/title>\n<meta name=\"robots\" content=\"index, follow, max-snippet:-1, max-image-preview:large, max-video-preview:-1\" \/>\n<link rel=\"canonical\" href=\"https:\/\/www.camping-princes-orange.fr\/de\/vermietung-von-stellplaetzen-in-hautes-alpes\/\" \/>\n<meta property=\"og:locale\" content=\"de_DE\" \/>\n<meta property=\"og:type\" content=\"article\" \/>\n<meta property=\"og:title\" content=\"Vermietung von Stellpl\u00e4tzen in Hautes-Alpes - Camping Princes d&#039;Orange\" \/>\n<meta property=\"og:description\" content=\"M\u00f6chten Sie nach S\u00fcdfrankreich in die Hautes-Alpes fahren und einen Urlaub im Herzen der Natur verbringen? Der Campingplatz Les Princes d&#8217;Orange in Orpierre vermietet einen Stellplatz f\u00fcr einen authentischen Campingurlaub! Unser Campingplatz Les Princes d&#8217;Orange bietet Ihnen ger\u00e4umige, und h\u00fcbsch begr\u00fcnt Stellpl\u00e4tze, auf denen Sie Ihren Urlaub mit der Familie oder mit Freunden in aller [&hellip;]\" \/>\n<meta property=\"og:url\" content=\"https:\/\/www.camping-princes-orange.fr\/de\/vermietung-von-stellplaetzen-in-hautes-alpes\/\" \/>\n<meta property=\"og:site_name\" content=\"Camping Princes d&#039;Orange\" \/>\n<meta property=\"article:modified_time\" content=\"2025-11-03T08:22:04+00:00\" \/>\n<meta name=\"twitter:card\" content=\"summary_large_image\" \/>\n<meta name=\"twitter:label1\" content=\"Gesch\u00e4tzte Lesezeit\" \/>\n\t<meta name=\"twitter:data1\" content=\"1\u00a0Minute\" \/>\n<script type=\"application\/ld+json\" class=\"yoast-schema-graph\">{\"@context\":\"https:\\\/\\\/schema.org\",\"@graph\":[{\"@type\":\"WebPage\",\"@id\":\"https:\\\/\\\/www.camping-princes-orange.fr\\\/de\\\/vermietung-von-stellplaetzen-in-hautes-alpes\\\/\",\"url\":\"https:\\\/\\\/www.camping-princes-orange.fr\\\/de\\\/vermietung-von-stellplaetzen-in-hautes-alpes\\\/\",\"name\":\"Vermietung von Stellpl\u00e4tzen in Hautes-Alpes - Camping Princes d&#039;Orange\",\"isPartOf\":{\"@id\":\"https:\\\/\\\/www.camping-princes-orange.fr\\\/de\\\/#website\"},\"datePublished\":\"2024-10-11T10:25:55+00:00\",\"dateModified\":\"2025-11-03T08:22:04+00:00\",\"breadcrumb\":{\"@id\":\"https:\\\/\\\/www.camping-princes-orange.fr\\\/de\\\/vermietung-von-stellplaetzen-in-hautes-alpes\\\/#breadcrumb\"},\"inLanguage\":\"de\",\"potentialAction\":[{\"@type\":\"ReadAction\",\"target\":[\"https:\\\/\\\/www.camping-princes-orange.fr\\\/de\\\/vermietung-von-stellplaetzen-in-hautes-alpes\\\/\"]}]},{\"@type\":\"BreadcrumbList\",\"@id\":\"https:\\\/\\\/www.camping-princes-orange.fr\\\/de\\\/vermietung-von-stellplaetzen-in-hautes-alpes\\\/#breadcrumb\",\"itemListElement\":[{\"@type\":\"ListItem\",\"position\":1,\"name\":\"Accueil\",\"item\":\"https:\\\/\\\/www.camping-princes-orange.fr\\\/de\\\/\"},{\"@type\":\"ListItem\",\"position\":2,\"name\":\"Vermietung von Stellpl\u00e4tzen in Hautes-Alpes\"}]},{\"@type\":\"WebSite\",\"@id\":\"https:\\\/\\\/www.camping-princes-orange.fr\\\/de\\\/#website\",\"url\":\"https:\\\/\\\/www.camping-princes-orange.fr\\\/de\\\/\",\"name\":\"Camping 1\",\"description\":\"\",\"potentialAction\":[{\"@type\":\"SearchAction\",\"target\":{\"@type\":\"EntryPoint\",\"urlTemplate\":\"https:\\\/\\\/www.camping-princes-orange.fr\\\/de\\\/?s={search_term_string}\"},\"query-input\":{\"@type\":\"PropertyValueSpecification\",\"valueRequired\":true,\"valueName\":\"search_term_string\"}}],\"inLanguage\":\"de\"}]}<\/script>\n<!-- \/ Yoast SEO plugin. -->","yoast_head_json":{"title":"Vermietung von Stellpl\u00e4tzen in Hautes-Alpes - Camping Princes d&#039;Orange","robots":{"index":"index","follow":"follow","max-snippet":"max-snippet:-1","max-image-preview":"max-image-preview:large","max-video-preview":"max-video-preview:-1"},"canonical":"https:\/\/www.camping-princes-orange.fr\/de\/vermietung-von-stellplaetzen-in-hautes-alpes\/","og_locale":"de_DE","og_type":"article","og_title":"Vermietung von Stellpl\u00e4tzen in Hautes-Alpes - Camping Princes d&#039;Orange","og_description":"M\u00f6chten Sie nach S\u00fcdfrankreich in die Hautes-Alpes fahren und einen Urlaub im Herzen der Natur verbringen? Der Campingplatz Les Princes d&#8217;Orange in Orpierre vermietet einen Stellplatz f\u00fcr einen authentischen Campingurlaub! Unser Campingplatz Les Princes d&#8217;Orange bietet Ihnen ger\u00e4umige, und h\u00fcbsch begr\u00fcnt Stellpl\u00e4tze, auf denen Sie Ihren Urlaub mit der Familie oder mit Freunden in aller [&hellip;]","og_url":"https:\/\/www.camping-princes-orange.fr\/de\/vermietung-von-stellplaetzen-in-hautes-alpes\/","og_site_name":"Camping Princes d&#039;Orange","article_modified_time":"2025-11-03T08:22:04+00:00","twitter_card":"summary_large_image","twitter_misc":{"Gesch\u00e4tzte Lesezeit":"1\u00a0Minute"},"schema":{"@context":"https:\/\/schema.org","@graph":[{"@type":"WebPage","@id":"https:\/\/www.camping-princes-orange.fr\/de\/vermietung-von-stellplaetzen-in-hautes-alpes\/","url":"https:\/\/www.camping-princes-orange.fr\/de\/vermietung-von-stellplaetzen-in-hautes-alpes\/","name":"Vermietung von Stellpl\u00e4tzen in Hautes-Alpes - Camping Princes d&#039;Orange","isPartOf":{"@id":"https:\/\/www.camping-princes-orange.fr\/de\/#website"},"datePublished":"2024-10-11T10:25:55+00:00","dateModified":"2025-11-03T08:22:04+00:00","breadcrumb":{"@id":"https:\/\/www.camping-princes-orange.fr\/de\/vermietung-von-stellplaetzen-in-hautes-alpes\/#breadcrumb"},"inLanguage":"de","potentialAction":[{"@type":"ReadAction","target":["https:\/\/www.camping-princes-orange.fr\/de\/vermietung-von-stellplaetzen-in-hautes-alpes\/"]}]},{"@type":"BreadcrumbList","@id":"https:\/\/www.camping-princes-orange.fr\/de\/vermietung-von-stellplaetzen-in-hautes-alpes\/#breadcrumb","itemListElement":[{"@type":"ListItem","position":1,"name":"Accueil","item":"https:\/\/www.camping-princes-orange.fr\/de\/"},{"@type":"ListItem","position":2,"name":"Vermietung von Stellpl\u00e4tzen in Hautes-Alpes"}]},{"@type":"WebSite","@id":"https:\/\/www.camping-princes-orange.fr\/de\/#website","url":"https:\/\/www.camping-princes-orange.fr\/de\/","name":"Camping 1","description":"","potentialAction":[{"@type":"SearchAction","target":{"@type":"EntryPoint","urlTemplate":"https:\/\/www.camping-princes-orange.fr\/de\/?s={search_term_string}"},"query-input":{"@type":"PropertyValueSpecification","valueRequired":true,"valueName":"search_term_string"}}],"inLanguage":"de"}]}},"_links":{"self":[{"href":"https:\/\/www.camping-princes-orange.fr\/de\/wp-json\/wp\/v2\/pages\/3015","targetHints":{"allow":["GET"]}}],"collection":[{"href":"https:\/\/www.camping-princes-orange.fr\/de\/wp-json\/wp\/v2\/pages"}],"about":[{"href":"https:\/\/www.camping-princes-orange.fr\/de\/wp-json\/wp\/v2\/types\/page"}],"author":[{"embeddable":true,"href":"https:\/\/www.camping-princes-orange.fr\/de\/wp-json\/wp\/v2\/users\/1"}],"replies":[{"embeddable":true,"href":"https:\/\/www.camping-princes-orange.fr\/de\/wp-json\/wp\/v2\/comments?post=3015"}],"version-history":[{"count":3,"href":"https:\/\/www.camping-princes-orange.fr\/de\/wp-json\/wp\/v2\/pages\/3015\/revisions"}],"predecessor-version":[{"id":306172,"href":"https:\/\/www.camping-princes-orange.fr\/de\/wp-json\/wp\/v2\/pages\/3015\/revisions\/306172"}],"wp:attachment":[{"href":"https:\/\/www.camping-princes-orange.fr\/de\/wp-json\/wp\/v2\/media?parent=3015"}],"curies":[{"name":"wp","href":"https:\/\/api.w.org\/{rel}","templated":true}]}}