{"id":306327,"date":"2025-11-05T12:55:19","date_gmt":"2025-11-05T11:55:19","guid":{"rendered":"https:\/\/www.camping-princes-orange.fr\/?page_id=306327"},"modified":"2025-11-05T16:50:25","modified_gmt":"2025-11-05T15:50:25","slug":"carte-des-campings","status":"publish","type":"page","link":"https:\/\/www.camping-princes-orange.fr\/de\/carte-des-campings\/","title":{"rendered":"Die Campingpl\u00e4tze der Gruppe Ciela Village f\u00fcr einen Urlaub im Freien"},"content":{"rendered":"\n<p>Lust auf einen Traumurlaub in Frankreich? Entdecken Sie die Karte der Campingpl\u00e4tze von Ciela Village f\u00fcr einen Aufenthalt der Extraklasse.<\/p>\n\n\n\n<p>Wenn Sie sich f\u00fcr einen Campingplatz der Gruppe Ciela Village entscheiden, k\u00f6nnen Sie sicher sein, dass Sie in einer au\u00dfergew\u00f6hnlichen Naturlandschaft \u00fcbernachten, die ideal gelegen ist, um die gesamte Region Ihres Urlaubs zu erkunden.<\/p>\n\n\n\n<p>Verdon, Ard\u00e8che, Vaucluse, Provence, Okzitanien \u2013 welches ist Ihr Traumziel f\u00fcr Ihren n\u00e4chsten Campingurlaub?<\/p>\n\n\n\n<p>Die Campingpl\u00e4tze von Ciela Village, wie beispielsweise Les Princes d&#8217;Orange in Orpierre, garantieren Ihnen einen gelungenen Aufenthalt. Eine traumhafte Umgebung, hochwertige Unterk\u00fcnfte oder Stellpl\u00e4tze, Wasser-, Sport- und Freizeitbereiche sowie zahlreiche Animationen sorgen f\u00fcr einen unvergesslichen Aufenthalt mit der Familie oder Freunden!<\/p>\n\n\n\n<p>Die Campingpl\u00e4tze von Ciela Village sind ideale Reiseziele f\u00fcr einen Campingurlaub, von dem jeder tr\u00e4umt!<\/p>\n\n\n\n<p>Finden Sie den perfekten Campingplatz f\u00fcr Ihren n\u00e4chsten Urlaub, indem Sie direkt unsere <a href=\"https:\/\/cielavillage.fr\/de\/\">Website Ciela Village<\/a> besuchen.<\/p>\n","protected":false},"excerpt":{"rendered":"<p>Lust auf einen Traumurlaub in Frankreich? Entdecken Sie die Karte der Campingpl\u00e4tze von Ciela Village f\u00fcr einen Aufenthalt der Extraklasse. Wenn Sie sich f\u00fcr einen Campingplatz der Gruppe Ciela Village entscheiden, k\u00f6nnen Sie sicher sein, dass Sie in einer au\u00dfergew\u00f6hnlichen Naturlandschaft \u00fcbernachten, die ideal gelegen ist, um die gesamte Region Ihres Urlaubs zu erkunden. Verdon, [&hellip;]<\/p>\n","protected":false},"author":1,"featured_media":0,"parent":0,"menu_order":0,"comment_status":"closed","ping_status":"open","template":"","meta":{"_acf_changed":false,"footnotes":""},"class_list":["post-306327","page","type-page","status-publish","hentry"],"acf":[],"yoast_head":"<!-- This site is optimized with the Yoast SEO plugin v27.3 - https:\/\/yoast.com\/product\/yoast-seo-wordpress\/ -->\n<title>Die Campingpl\u00e4tze der Gruppe Ciela Village f\u00fcr einen Urlaub im Freien - Camping Princes d&#039;Orange<\/title>\n<meta name=\"robots\" content=\"index, follow, max-snippet:-1, max-image-preview:large, max-video-preview:-1\" \/>\n<link rel=\"canonical\" href=\"https:\/\/www.camping-princes-orange.fr\/de\/carte-des-campings\/\" \/>\n<meta property=\"og:locale\" content=\"de_DE\" \/>\n<meta property=\"og:type\" content=\"article\" \/>\n<meta property=\"og:title\" content=\"Die Campingpl\u00e4tze der Gruppe Ciela Village f\u00fcr einen Urlaub im Freien - Camping Princes d&#039;Orange\" \/>\n<meta property=\"og:description\" content=\"Lust auf einen Traumurlaub in Frankreich? Entdecken Sie die Karte der Campingpl\u00e4tze von Ciela Village f\u00fcr einen Aufenthalt der Extraklasse. Wenn Sie sich f\u00fcr einen Campingplatz der Gruppe Ciela Village entscheiden, k\u00f6nnen Sie sicher sein, dass Sie in einer au\u00dfergew\u00f6hnlichen Naturlandschaft \u00fcbernachten, die ideal gelegen ist, um die gesamte Region Ihres Urlaubs zu erkunden. Verdon, [&hellip;]\" \/>\n<meta property=\"og:url\" content=\"https:\/\/www.camping-princes-orange.fr\/de\/carte-des-campings\/\" \/>\n<meta property=\"og:site_name\" content=\"Camping Princes d&#039;Orange\" \/>\n<meta property=\"article:modified_time\" content=\"2025-11-05T15:50:25+00:00\" \/>\n<meta name=\"twitter:card\" content=\"summary_large_image\" \/>\n<meta name=\"twitter:label1\" content=\"Gesch\u00e4tzte Lesezeit\" \/>\n\t<meta name=\"twitter:data1\" content=\"1\u00a0Minute\" \/>\n<script type=\"application\/ld+json\" class=\"yoast-schema-graph\">{\"@context\":\"https:\\\/\\\/schema.org\",\"@graph\":[{\"@type\":\"WebPage\",\"@id\":\"https:\\\/\\\/www.camping-princes-orange.fr\\\/de\\\/carte-des-campings\\\/\",\"url\":\"https:\\\/\\\/www.camping-princes-orange.fr\\\/de\\\/carte-des-campings\\\/\",\"name\":\"Die Campingpl\u00e4tze der Gruppe Ciela Village f\u00fcr einen Urlaub im Freien - Camping Princes d&#039;Orange\",\"isPartOf\":{\"@id\":\"https:\\\/\\\/www.camping-princes-orange.fr\\\/de\\\/#website\"},\"datePublished\":\"2025-11-05T11:55:19+00:00\",\"dateModified\":\"2025-11-05T15:50:25+00:00\",\"breadcrumb\":{\"@id\":\"https:\\\/\\\/www.camping-princes-orange.fr\\\/de\\\/carte-des-campings\\\/#breadcrumb\"},\"inLanguage\":\"de\",\"potentialAction\":[{\"@type\":\"ReadAction\",\"target\":[\"https:\\\/\\\/www.camping-princes-orange.fr\\\/de\\\/carte-des-campings\\\/\"]}]},{\"@type\":\"BreadcrumbList\",\"@id\":\"https:\\\/\\\/www.camping-princes-orange.fr\\\/de\\\/carte-des-campings\\\/#breadcrumb\",\"itemListElement\":[{\"@type\":\"ListItem\",\"position\":1,\"name\":\"Accueil\",\"item\":\"https:\\\/\\\/www.camping-princes-orange.fr\\\/de\\\/\"},{\"@type\":\"ListItem\",\"position\":2,\"name\":\"Die Campingpl\u00e4tze der Gruppe Ciela Village f\u00fcr einen Urlaub im Freien\"}]},{\"@type\":\"WebSite\",\"@id\":\"https:\\\/\\\/www.camping-princes-orange.fr\\\/de\\\/#website\",\"url\":\"https:\\\/\\\/www.camping-princes-orange.fr\\\/de\\\/\",\"name\":\"Camping 1\",\"description\":\"\",\"potentialAction\":[{\"@type\":\"SearchAction\",\"target\":{\"@type\":\"EntryPoint\",\"urlTemplate\":\"https:\\\/\\\/www.camping-princes-orange.fr\\\/de\\\/?s={search_term_string}\"},\"query-input\":{\"@type\":\"PropertyValueSpecification\",\"valueRequired\":true,\"valueName\":\"search_term_string\"}}],\"inLanguage\":\"de\"}]}<\/script>\n<!-- \/ Yoast SEO plugin. -->","yoast_head_json":{"title":"Die Campingpl\u00e4tze der Gruppe Ciela Village f\u00fcr einen Urlaub im Freien - Camping Princes d&#039;Orange","robots":{"index":"index","follow":"follow","max-snippet":"max-snippet:-1","max-image-preview":"max-image-preview:large","max-video-preview":"max-video-preview:-1"},"canonical":"https:\/\/www.camping-princes-orange.fr\/de\/carte-des-campings\/","og_locale":"de_DE","og_type":"article","og_title":"Die Campingpl\u00e4tze der Gruppe Ciela Village f\u00fcr einen Urlaub im Freien - Camping Princes d&#039;Orange","og_description":"Lust auf einen Traumurlaub in Frankreich? Entdecken Sie die Karte der Campingpl\u00e4tze von Ciela Village f\u00fcr einen Aufenthalt der Extraklasse. Wenn Sie sich f\u00fcr einen Campingplatz der Gruppe Ciela Village entscheiden, k\u00f6nnen Sie sicher sein, dass Sie in einer au\u00dfergew\u00f6hnlichen Naturlandschaft \u00fcbernachten, die ideal gelegen ist, um die gesamte Region Ihres Urlaubs zu erkunden. Verdon, [&hellip;]","og_url":"https:\/\/www.camping-princes-orange.fr\/de\/carte-des-campings\/","og_site_name":"Camping Princes d&#039;Orange","article_modified_time":"2025-11-05T15:50:25+00:00","twitter_card":"summary_large_image","twitter_misc":{"Gesch\u00e4tzte Lesezeit":"1\u00a0Minute"},"schema":{"@context":"https:\/\/schema.org","@graph":[{"@type":"WebPage","@id":"https:\/\/www.camping-princes-orange.fr\/de\/carte-des-campings\/","url":"https:\/\/www.camping-princes-orange.fr\/de\/carte-des-campings\/","name":"Die Campingpl\u00e4tze der Gruppe Ciela Village f\u00fcr einen Urlaub im Freien - Camping Princes d&#039;Orange","isPartOf":{"@id":"https:\/\/www.camping-princes-orange.fr\/de\/#website"},"datePublished":"2025-11-05T11:55:19+00:00","dateModified":"2025-11-05T15:50:25+00:00","breadcrumb":{"@id":"https:\/\/www.camping-princes-orange.fr\/de\/carte-des-campings\/#breadcrumb"},"inLanguage":"de","potentialAction":[{"@type":"ReadAction","target":["https:\/\/www.camping-princes-orange.fr\/de\/carte-des-campings\/"]}]},{"@type":"BreadcrumbList","@id":"https:\/\/www.camping-princes-orange.fr\/de\/carte-des-campings\/#breadcrumb","itemListElement":[{"@type":"ListItem","position":1,"name":"Accueil","item":"https:\/\/www.camping-princes-orange.fr\/de\/"},{"@type":"ListItem","position":2,"name":"Die Campingpl\u00e4tze der Gruppe Ciela Village f\u00fcr einen Urlaub im Freien"}]},{"@type":"WebSite","@id":"https:\/\/www.camping-princes-orange.fr\/de\/#website","url":"https:\/\/www.camping-princes-orange.fr\/de\/","name":"Camping 1","description":"","potentialAction":[{"@type":"SearchAction","target":{"@type":"EntryPoint","urlTemplate":"https:\/\/www.camping-princes-orange.fr\/de\/?s={search_term_string}"},"query-input":{"@type":"PropertyValueSpecification","valueRequired":true,"valueName":"search_term_string"}}],"inLanguage":"de"}]}},"_links":{"self":[{"href":"https:\/\/www.camping-princes-orange.fr\/de\/wp-json\/wp\/v2\/pages\/306327","targetHints":{"allow":["GET"]}}],"collection":[{"href":"https:\/\/www.camping-princes-orange.fr\/de\/wp-json\/wp\/v2\/pages"}],"about":[{"href":"https:\/\/www.camping-princes-orange.fr\/de\/wp-json\/wp\/v2\/types\/page"}],"author":[{"embeddable":true,"href":"https:\/\/www.camping-princes-orange.fr\/de\/wp-json\/wp\/v2\/users\/1"}],"replies":[{"embeddable":true,"href":"https:\/\/www.camping-princes-orange.fr\/de\/wp-json\/wp\/v2\/comments?post=306327"}],"version-history":[{"count":2,"href":"https:\/\/www.camping-princes-orange.fr\/de\/wp-json\/wp\/v2\/pages\/306327\/revisions"}],"predecessor-version":[{"id":306363,"href":"https:\/\/www.camping-princes-orange.fr\/de\/wp-json\/wp\/v2\/pages\/306327\/revisions\/306363"}],"wp:attachment":[{"href":"https:\/\/www.camping-princes-orange.fr\/de\/wp-json\/wp\/v2\/media?parent=306327"}],"curies":[{"name":"wp","href":"https:\/\/api.w.org\/{rel}","templated":true}]}}